{"id":1188,"date":"2020-08-24T09:54:08","date_gmt":"2020-08-24T14:54:08","guid":{"rendered":"https:\/\/prodeco.online\/contact\/"},"modified":"2024-09-26T17:15:11","modified_gmt":"2024-09-26T22:15:11","slug":"contacto","status":"publish","type":"page","link":"https:\/\/prodeco.online\/en\/contacto\/","title":{"rendered":"Contact us"},"content":{"rendered":"<div class=\"wp-block-cover alignfull has-parallax\" style=\"background-image:url(https:\/\/prodeco.online\/wp-content\/uploads\/2022\/04\/IMG_4223-scaled.jpg);min-height:511px;aspect-ratio:unset;\"><span aria-hidden=\"true\" class=\"wp-block-cover__background has-ast-global-color-2-background-color has-background-dim-50 has-background-dim\"><\/span><div class=\"wp-block-cover__inner-container is-layout-flow wp-block-cover-is-layout-flow\">\n<h5 class=\"has-text-align-center has-text-color wp-block-heading\" style=\"color:#ffffff\">More information?<\/h5>\n\n\n\n<h1 class=\"has-text-align-center has-text-color wp-block-heading\" style=\"color:#ffffff\">M\u00e1ndanos un mensaje<\/h1>\n\n\n\n<h3 class=\"has-text-align-center has-text-color wp-block-heading\" style=\"color:#ffffff\">Estamos para ayudarte.<\/h3>\n<\/div><\/div>\n\n\n\n<div class=\"inherit-container-width wp-block-group alignfull has-ast-global-color-4-background-color has-background is-layout-constrained wp-block-group-is-layout-constrained\"><div class=\"wp-block-group__inner-container\">\n<div class=\"wp-block-columns are-vertically-aligned-center is-layout-flex wp-container-core-columns-is-layout-28f84493 wp-block-columns-is-layout-flex\">\n<div class=\"wp-block-column is-vertically-aligned-center is-layout-flow wp-block-column-is-layout-flow\">\n<h2 class=\"wp-block-heading\">Contact Information<\/h2>\n\n\n\n<p>Prodeco es un negocio familiar comprometida a entregar la mejor calidad de puertas del mercado.&nbsp;<\/p>\n<\/div>\n\n\n\n<div class=\"wp-block-column is-vertically-aligned-center is-layout-flow wp-block-column-is-layout-flow\">\n<ul class=\"wp-block-social-links alignright is-layout-flex wp-block-social-links-is-layout-flex\"><li class=\"wp-social-link wp-social-link-facebook  wp-block-social-link\"><a href=\"https:\/\/www.facebook.com\/ProdecoDeMexico\" class=\"wp-block-social-link-anchor\"><svg width=\"24\" height=\"24\" viewbox=\"0 0 24 24\" version=\"1.1\" xmlns=\"http:\/\/www.w3.org\/2000\/svg\" aria-hidden=\"true\" focusable=\"false\"><path d=\"M12 2C6.5 2 2 6.5 2 12c0 5 3.7 9.1 8.4 9.9v-7H7.9V12h2.5V9.8c0-2.5 1.5-3.9 3.8-3.9 1.1 0 2.2.2 2.2.2v2.5h-1.3c-1.2 0-1.6.8-1.6 1.6V12h2.8l-.4 2.9h-2.3v7C18.3 21.1 22 17 22 12c0-5.5-4.5-10-10-10z\"><\/path><\/svg><span class=\"wp-block-social-link-label screen-reader-text\">Facebook<\/span><\/a><\/li>\n\n<li class=\"wp-social-link wp-social-link-instagram  wp-block-social-link\"><a href=\"https:\/\/www.instagram.com\/prodecodemexico\/\" class=\"wp-block-social-link-anchor\"><svg width=\"24\" height=\"24\" viewbox=\"0 0 24 24\" version=\"1.1\" xmlns=\"http:\/\/www.w3.org\/2000\/svg\" aria-hidden=\"true\" focusable=\"false\"><path d=\"M12,4.622c2.403,0,2.688,0.009,3.637,0.052c0.877,0.04,1.354,0.187,1.671,0.31c0.42,0.163,0.72,0.358,1.035,0.673 c0.315,0.315,0.51,0.615,0.673,1.035c0.123,0.317,0.27,0.794,0.31,1.671c0.043,0.949,0.052,1.234,0.052,3.637 s-0.009,2.688-0.052,3.637c-0.04,0.877-0.187,1.354-0.31,1.671c-0.163,0.42-0.358,0.72-0.673,1.035 c-0.315,0.315-0.615,0.51-1.035,0.673c-0.317,0.123-0.794,0.27-1.671,0.31c-0.949,0.043-1.233,0.052-3.637,0.052 s-2.688-0.009-3.637-0.052c-0.877-0.04-1.354-0.187-1.671-0.31c-0.42-0.163-0.72-0.358-1.035-0.673 c-0.315-0.315-0.51-0.615-0.673-1.035c-0.123-0.317-0.27-0.794-0.31-1.671C4.631,14.688,4.622,14.403,4.622,12 s0.009-2.688,0.052-3.637c0.04-0.877,0.187-1.354,0.31-1.671c0.163-0.42,0.358-0.72,0.673-1.035 c0.315-0.315,0.615-0.51,1.035-0.673c0.317-0.123,0.794-0.27,1.671-0.31C9.312,4.631,9.597,4.622,12,4.622 M12,3 C9.556,3,9.249,3.01,8.289,3.054C7.331,3.098,6.677,3.25,6.105,3.472C5.513,3.702,5.011,4.01,4.511,4.511 c-0.5,0.5-0.808,1.002-1.038,1.594C3.25,6.677,3.098,7.331,3.054,8.289C3.01,9.249,3,9.556,3,12c0,2.444,0.01,2.751,0.054,3.711 c0.044,0.958,0.196,1.612,0.418,2.185c0.23,0.592,0.538,1.094,1.038,1.594c0.5,0.5,1.002,0.808,1.594,1.038 c0.572,0.222,1.227,0.375,2.185,0.418C9.249,20.99,9.556,21,12,21s2.751-0.01,3.711-0.054c0.958-0.044,1.612-0.196,2.185-0.418 c0.592-0.23,1.094-0.538,1.594-1.038c0.5-0.5,0.808-1.002,1.038-1.594c0.222-0.572,0.375-1.227,0.418-2.185 C20.99,14.751,21,14.444,21,12s-0.01-2.751-0.054-3.711c-0.044-0.958-0.196-1.612-0.418-2.185c-0.23-0.592-0.538-1.094-1.038-1.594 c-0.5-0.5-1.002-0.808-1.594-1.038c-0.572-0.222-1.227-0.375-2.185-0.418C14.751,3.01,14.444,3,12,3L12,3z M12,7.378 c-2.552,0-4.622,2.069-4.622,4.622S9.448,16.622,12,16.622s4.622-2.069,4.622-4.622S14.552,7.378,12,7.378z M12,15 c-1.657,0-3-1.343-3-3s1.343-3,3-3s3,1.343,3,3S13.657,15,12,15z M16.804,6.116c-0.596,0-1.08,0.484-1.08,1.08 s0.484,1.08,1.08,1.08c0.596,0,1.08-0.484,1.08-1.08S17.401,6.116,16.804,6.116z\"><\/path><\/svg><span class=\"wp-block-social-link-label screen-reader-text\">Instagram<\/span><\/a><\/li><\/ul>\n<\/div>\n<\/div>\n\n\n\n<div class=\"wp-block-columns is-layout-flex wp-container-core-columns-is-layout-28f84493 wp-block-columns-is-layout-flex\">\n<div class=\"wp-block-column is-layout-flow wp-block-column-is-layout-flow\">\n<div class=\"inherit-container-width wp-block-group has-ast-global-color-5-background-color has-background is-layout-constrained wp-block-group-is-layout-constrained\"><div class=\"wp-block-group__inner-container\">\n<div class=\"wp-block-uagb-info-box uagb-block-5b26cd5b uagb-infobox__content-wrap  uagb-infobox-icon-above-title uagb-infobox-image-valign-top uagb-infobox__outer-wrap\"><div class=\"uagb-ifb-content\"><div class=\"uagb-ifb-icon-wrap\"><\/div><div class=\"uagb-ifb-title-wrap\"><h3 class=\"uagb-ifb-title\">Location<\/h3><\/div><p class=\"uagb-ifb-desc\"> Ant. Carretera a Roma km 3.6, Lagrange, 66499, San Nicol\u00e1s de los Garza, NL.<\/p><\/div><\/div>\n<\/div><\/div>\n<\/div>\n\n\n\n<div class=\"wp-block-column is-layout-flow wp-block-column-is-layout-flow\">\n<div class=\"inherit-container-width wp-block-group has-ast-global-color-5-background-color has-background is-layout-constrained wp-block-group-is-layout-constrained\"><div class=\"wp-block-group__inner-container\">\n<div class=\"wp-block-uagb-info-box uagb-block-b8988a48 uagb-infobox__content-wrap  uagb-infobox-icon-above-title uagb-infobox-image-valign-top uagb-infobox__outer-wrap\"><div class=\"uagb-ifb-content\"><div class=\"uagb-ifb-icon-wrap\"><\/div><div class=\"uagb-ifb-title-wrap\"><h3 class=\"uagb-ifb-title\">M\u00e1ndanos Un Correo<\/h3><\/div><p class=\"uagb-ifb-desc\">callcenter@prodeco.online<\/p><\/div><\/div>\n<\/div><\/div>\n<\/div>\n\n\n\n<div class=\"wp-block-column is-layout-flow wp-block-column-is-layout-flow\">\n<div class=\"inherit-container-width wp-block-group has-ast-global-color-5-background-color has-background is-layout-constrained wp-block-group-is-layout-constrained\"><div class=\"wp-block-group__inner-container\">\n<div class=\"wp-block-uagb-info-box uagb-block-629fca46 uagb-infobox__content-wrap  uagb-infobox-icon-above-title uagb-infobox-image-valign-top uagb-infobox__outer-wrap\"><div class=\"uagb-ifb-content\"><div class=\"uagb-ifb-icon-wrap\"><\/div><div class=\"uagb-ifb-title-wrap\"><h3 class=\"uagb-ifb-title\">Ll\u00e1manos<\/h3><\/div><p class=\"uagb-ifb-desc\">(81) 83-13-83-37<\/p><\/div><\/div>\n<\/div><\/div>\n<\/div>\n<\/div>\n<\/div><\/div>\n\n\n\t\t\t<div \n\t\t\tclass=\"wp-block-uagb-google-map uagb-google-map__wrap uagb-block-0db19b63\"\n\t\t\tstyle=\"\" >\n\t\t\t\t<embed\n\t\t\t\t\tclass=\"uagb-google-map__iframe\"\n\t\t\t\t\ttitle=\"Google Map for \"\n\t\t\t\t\tsrc=\"https:\/\/maps.google.com\/maps?q=Prodeco%20de%20M%C3%A9xico&#038;z=19&#038;hl=es&#038;t=m&#038;output=embed&#038;iwloc=near\"\n\t\t\t\t\twidth=\"640\"\n\t\t\t\t\theight=\"400\"\n\t\t\t\t\tloading=\"lazy\"\n\t\t\t\t><\/embed>\n\t\t\t<\/div>","protected":false},"excerpt":{"rendered":"<p>Informaci\u00f3n de Contacto Prodeco es un negocio familiar comprometida a entregar la mejor calidad de puertas del mercado.&nbsp;<\/p>","protected":false},"author":1,"featured_media":0,"parent":0,"menu_order":0,"comment_status":"closed","ping_status":"closed","template":"","meta":{"_uag_custom_page_level_css":"","site-sidebar-layout":"no-sidebar","site-content-layout":"plain-container","ast-site-content-layout":"default","site-content-style":"default","site-sidebar-style":"default","ast-global-header-display":"","ast-banner-title-visibility":"","ast-main-header-display":"","ast-hfb-above-header-display":"","ast-hfb-below-header-display":"","ast-hfb-mobile-header-display":"","site-post-title":"disabled","ast-breadcrumbs-content":"","ast-featured-img":"disabled","footer-sml-layout":"","ast-disable-related-posts":"","theme-transparent-header-meta":"enabled","adv-header-id-meta":"","stick-header-meta":"","header-above-stick-meta":"","header-main-stick-meta":"","header-below-stick-meta":"","astra-migrate-meta-layouts":"default","ast-page-background-enabled":"default","ast-page-background-meta":{"desktop":{"background-color":"","background-image":"","background-repeat":"repeat","background-position":"center center","background-size":"auto","background-attachment":"scroll","background-type":"","background-media":"","overlay-type":"","overlay-color":"","overlay-opacity":"","overlay-gradient":""},"tablet":{"background-color":"","background-image":"","background-repeat":"repeat","background-position":"center center","background-size":"auto","background-attachment":"scroll","background-type":"","background-media":"","overlay-type":"","overlay-color":"","overlay-opacity":"","overlay-gradient":""},"mobile":{"background-color":"","background-image":"","background-repeat":"repeat","background-position":"center center","background-size":"auto","background-attachment":"scroll","background-type":"","background-media":"","overlay-type":"","overlay-color":"","overlay-opacity":"","overlay-gradient":""}},"ast-content-background-meta":{"desktop":{"background-color":"var(--ast-global-color-5)","background-image":"","background-repeat":"repeat","background-position":"center center","background-size":"auto","background-attachment":"scroll","background-type":"","background-media":"","overlay-type":"","overlay-color":"","overlay-opacity":"","overlay-gradient":""},"tablet":{"background-color":"var(--ast-global-color-5)","background-image":"","background-repeat":"repeat","background-position":"center center","background-size":"auto","background-attachment":"scroll","background-type":"","background-media":"","overlay-type":"","overlay-color":"","overlay-opacity":"","overlay-gradient":""},"mobile":{"background-color":"var(--ast-global-color-5)","background-image":"","background-repeat":"repeat","background-position":"center center","background-size":"auto","background-attachment":"scroll","background-type":"","background-media":"","overlay-type":"","overlay-color":"","overlay-opacity":"","overlay-gradient":""}},"footnotes":""},"class_list":["post-1188","page","type-page","status-publish","hentry"],"yoast_head":"<!-- This site is optimized with the Yoast SEO plugin v27.5 - https:\/\/yoast.com\/product\/yoast-seo-wordpress\/ -->\n<title>Contacto | Prodeco de M\u00e9xico | Ll\u00e1manos: (81) 8313 8337<\/title>\n<meta name=\"description\" content=\"Informaci\u00f3n de Contacto: ubicaci\u00f3n Ant. Carretera a Roma km 3.6, Lagrange, 66499, San Nicol\u00e1s de los Garza, N.L. Ll\u00e1manos: (81) 8313 8337\" \/>\n<meta name=\"robots\" content=\"index, follow, max-snippet:-1, max-image-preview:large, max-video-preview:-1\" \/>\n<link rel=\"canonical\" href=\"https:\/\/prodeco.online\/en\/contacto\/\" \/>\n<meta property=\"og:locale\" content=\"en_US\" \/>\n<meta property=\"og:type\" content=\"article\" \/>\n<meta property=\"og:title\" content=\"Contacto | Prodeco de M\u00e9xico | Ll\u00e1manos: (81) 8313 8337\" \/>\n<meta property=\"og:description\" content=\"Informaci\u00f3n de Contacto: ubicaci\u00f3n Ant. Carretera a Roma km 3.6, Lagrange, 66499, San Nicol\u00e1s de los Garza, N.L. Ll\u00e1manos: (81) 8313 8337\" \/>\n<meta property=\"og:url\" content=\"https:\/\/prodeco.online\/en\/contacto\/\" \/>\n<meta property=\"og:site_name\" content=\"Prodeco de M\u00e9xico\" \/>\n<meta property=\"article:publisher\" content=\"https:\/\/www.facebook.com\/ProdecoDeMexico\" \/>\n<meta property=\"article:modified_time\" content=\"2024-09-26T22:15:11+00:00\" \/>\n<meta name=\"twitter:label1\" content=\"Est. reading time\" \/>\n\t<meta name=\"twitter:data1\" content=\"1 minute\" \/>\n<script type=\"application\/ld+json\" class=\"yoast-schema-graph\">{\"@context\":\"https:\\\/\\\/schema.org\",\"@graph\":[{\"@type\":\"WebPage\",\"@id\":\"https:\\\/\\\/prodeco.online\\\/contacto\\\/\",\"url\":\"https:\\\/\\\/prodeco.online\\\/contacto\\\/\",\"name\":\"Contacto | Prodeco de M\u00e9xico | Ll\u00e1manos: (81) 8313 8337\",\"isPartOf\":{\"@id\":\"https:\\\/\\\/prodeco.online\\\/#website\"},\"datePublished\":\"2020-08-24T14:54:08+00:00\",\"dateModified\":\"2024-09-26T22:15:11+00:00\",\"description\":\"Informaci\u00f3n de Contacto: ubicaci\u00f3n Ant. Carretera a Roma km 3.6, Lagrange, 66499, San Nicol\u00e1s de los Garza, N.L. Ll\u00e1manos: (81) 8313 8337\",\"breadcrumb\":{\"@id\":\"https:\\\/\\\/prodeco.online\\\/contacto\\\/#breadcrumb\"},\"inLanguage\":\"en-US\",\"potentialAction\":[{\"@type\":\"ReadAction\",\"target\":[\"https:\\\/\\\/prodeco.online\\\/contacto\\\/\"]}]},{\"@type\":\"BreadcrumbList\",\"@id\":\"https:\\\/\\\/prodeco.online\\\/contacto\\\/#breadcrumb\",\"itemListElement\":[{\"@type\":\"ListItem\",\"position\":1,\"name\":\"Portada\",\"item\":\"https:\\\/\\\/prodeco.online\\\/\"},{\"@type\":\"ListItem\",\"position\":2,\"name\":\"Contacto\"}]},{\"@type\":\"WebSite\",\"@id\":\"https:\\\/\\\/prodeco.online\\\/#website\",\"url\":\"https:\\\/\\\/prodeco.online\\\/\",\"name\":\"Prodeco de M\u00e9xico\",\"description\":\"Herrer\u00eda Fina\",\"publisher\":{\"@id\":\"https:\\\/\\\/prodeco.online\\\/#organization\"},\"potentialAction\":[{\"@type\":\"SearchAction\",\"target\":{\"@type\":\"EntryPoint\",\"urlTemplate\":\"https:\\\/\\\/prodeco.online\\\/?s={search_term_string}\"},\"query-input\":{\"@type\":\"PropertyValueSpecification\",\"valueRequired\":true,\"valueName\":\"search_term_string\"}}],\"inLanguage\":\"en-US\"},{\"@type\":\"Organization\",\"@id\":\"https:\\\/\\\/prodeco.online\\\/#organization\",\"name\":\"PRODECO\",\"url\":\"https:\\\/\\\/prodeco.online\\\/\",\"logo\":{\"@type\":\"ImageObject\",\"inLanguage\":\"en-US\",\"@id\":\"https:\\\/\\\/prodeco.online\\\/#\\\/schema\\\/logo\\\/image\\\/\",\"url\":\"https:\\\/\\\/prodeco.online\\\/wp-content\\\/uploads\\\/2022\\\/04\\\/FORMATO-REDES-SOCIALES-PRODECO-2-02.png\",\"contentUrl\":\"https:\\\/\\\/prodeco.online\\\/wp-content\\\/uploads\\\/2022\\\/04\\\/FORMATO-REDES-SOCIALES-PRODECO-2-02.png\",\"width\":3125,\"height\":3125,\"caption\":\"PRODECO\"},\"image\":{\"@id\":\"https:\\\/\\\/prodeco.online\\\/#\\\/schema\\\/logo\\\/image\\\/\"},\"sameAs\":[\"https:\\\/\\\/www.facebook.com\\\/ProdecoDeMexico\",\"https:\\\/\\\/www.instagram.com\\\/prodecodemexico\\\/\"]}]}<\/script>\n<!-- \/ Yoast SEO plugin. -->","yoast_head_json":{"title":"Contacto | Prodeco de M\u00e9xico | Ll\u00e1manos: (81) 8313 8337","description":"Informaci\u00f3n de Contacto: ubicaci\u00f3n Ant. Carretera a Roma km 3.6, Lagrange, 66499, San Nicol\u00e1s de los Garza, N.L. Ll\u00e1manos: (81) 8313 8337","robots":{"index":"index","follow":"follow","max-snippet":"max-snippet:-1","max-image-preview":"max-image-preview:large","max-video-preview":"max-video-preview:-1"},"canonical":"https:\/\/prodeco.online\/en\/contacto\/","og_locale":"en_US","og_type":"article","og_title":"Contacto | Prodeco de M\u00e9xico | Ll\u00e1manos: (81) 8313 8337","og_description":"Informaci\u00f3n de Contacto: ubicaci\u00f3n Ant. Carretera a Roma km 3.6, Lagrange, 66499, San Nicol\u00e1s de los Garza, N.L. Ll\u00e1manos: (81) 8313 8337","og_url":"https:\/\/prodeco.online\/en\/contacto\/","og_site_name":"Prodeco de M\u00e9xico","article_publisher":"https:\/\/www.facebook.com\/ProdecoDeMexico","article_modified_time":"2024-09-26T22:15:11+00:00","twitter_misc":{"Est. reading time":"1 minute"},"schema":{"@context":"https:\/\/schema.org","@graph":[{"@type":"WebPage","@id":"https:\/\/prodeco.online\/contacto\/","url":"https:\/\/prodeco.online\/contacto\/","name":"Contacto | Prodeco de M\u00e9xico | Ll\u00e1manos: (81) 8313 8337","isPartOf":{"@id":"https:\/\/prodeco.online\/#website"},"datePublished":"2020-08-24T14:54:08+00:00","dateModified":"2024-09-26T22:15:11+00:00","description":"Informaci\u00f3n de Contacto: ubicaci\u00f3n Ant. Carretera a Roma km 3.6, Lagrange, 66499, San Nicol\u00e1s de los Garza, N.L. Ll\u00e1manos: (81) 8313 8337","breadcrumb":{"@id":"https:\/\/prodeco.online\/contacto\/#breadcrumb"},"inLanguage":"en-US","potentialAction":[{"@type":"ReadAction","target":["https:\/\/prodeco.online\/contacto\/"]}]},{"@type":"BreadcrumbList","@id":"https:\/\/prodeco.online\/contacto\/#breadcrumb","itemListElement":[{"@type":"ListItem","position":1,"name":"Portada","item":"https:\/\/prodeco.online\/"},{"@type":"ListItem","position":2,"name":"Contacto"}]},{"@type":"WebSite","@id":"https:\/\/prodeco.online\/#website","url":"https:\/\/prodeco.online\/","name":"Prodeco de M\u00e9xico","description":"Herrer\u00eda Fina","publisher":{"@id":"https:\/\/prodeco.online\/#organization"},"potentialAction":[{"@type":"SearchAction","target":{"@type":"EntryPoint","urlTemplate":"https:\/\/prodeco.online\/?s={search_term_string}"},"query-input":{"@type":"PropertyValueSpecification","valueRequired":true,"valueName":"search_term_string"}}],"inLanguage":"en-US"},{"@type":"Organization","@id":"https:\/\/prodeco.online\/#organization","name":"PRODECO","url":"https:\/\/prodeco.online\/","logo":{"@type":"ImageObject","inLanguage":"en-US","@id":"https:\/\/prodeco.online\/#\/schema\/logo\/image\/","url":"https:\/\/prodeco.online\/wp-content\/uploads\/2022\/04\/FORMATO-REDES-SOCIALES-PRODECO-2-02.png","contentUrl":"https:\/\/prodeco.online\/wp-content\/uploads\/2022\/04\/FORMATO-REDES-SOCIALES-PRODECO-2-02.png","width":3125,"height":3125,"caption":"PRODECO"},"image":{"@id":"https:\/\/prodeco.online\/#\/schema\/logo\/image\/"},"sameAs":["https:\/\/www.facebook.com\/ProdecoDeMexico","https:\/\/www.instagram.com\/prodecodemexico\/"]}]}},"uagb_featured_image_src":{"full":false,"thumbnail":false,"medium":false,"medium_large":false,"large":false,"1536x1536":false,"2048x2048":false,"trp-custom-language-flag":false},"uagb_author_info":{"display_name":"prodecoadmin","author_link":"https:\/\/prodeco.online\/en\/author\/prodecoadmin\/"},"uagb_comment_info":0,"uagb_excerpt":"Informaci\u00f3n de Contacto Prodeco es un negocio familiar comprometida a entregar la mejor calidad de puertas del mercado.&nbsp;","_links":{"self":[{"href":"https:\/\/prodeco.online\/en\/wp-json\/wp\/v2\/pages\/1188","targetHints":{"allow":["GET"]}}],"collection":[{"href":"https:\/\/prodeco.online\/en\/wp-json\/wp\/v2\/pages"}],"about":[{"href":"https:\/\/prodeco.online\/en\/wp-json\/wp\/v2\/types\/page"}],"author":[{"embeddable":true,"href":"https:\/\/prodeco.online\/en\/wp-json\/wp\/v2\/users\/1"}],"replies":[{"embeddable":true,"href":"https:\/\/prodeco.online\/en\/wp-json\/wp\/v2\/comments?post=1188"}],"version-history":[{"count":26,"href":"https:\/\/prodeco.online\/en\/wp-json\/wp\/v2\/pages\/1188\/revisions"}],"predecessor-version":[{"id":1915,"href":"https:\/\/prodeco.online\/en\/wp-json\/wp\/v2\/pages\/1188\/revisions\/1915"}],"wp:attachment":[{"href":"https:\/\/prodeco.online\/en\/wp-json\/wp\/v2\/media?parent=1188"}],"curies":[{"name":"wp","href":"https:\/\/api.w.org\/{rel}","templated":true}]}}